{"id":2,"date":"2022-04-16T10:19:39","date_gmt":"2022-04-16T10:19:39","guid":{"rendered":"http:\/\/denise-frey.de?page_id=2"},"modified":"2026-04-20T11:46:07","modified_gmt":"2026-04-20T09:46:07","slug":"beispiel-seite","status":"publish","type":"page","link":"https:\/\/denise-frey.de\/","title":{"rendered":"Electro-Acoustic Ambient Music"},"content":{"rendered":"\n<figure class=\"wp-block-image size-large\"><img loading=\"lazy\" decoding=\"async\" width=\"1024\" height=\"878\" src=\"https:\/\/denise-frey.de\/wp-content\/uploads\/2025\/02\/Denise_4-1024x878.jpg\" alt=\"\" class=\"wp-image-363\" srcset=\"https:\/\/denise-frey.de\/wp-content\/uploads\/2025\/02\/Denise_4-1024x878.jpg 1024w, https:\/\/denise-frey.de\/wp-content\/uploads\/2025\/02\/Denise_4-300x257.jpg 300w, https:\/\/denise-frey.de\/wp-content\/uploads\/2025\/02\/Denise_4-768x658.jpg 768w, https:\/\/denise-frey.de\/wp-content\/uploads\/2025\/02\/Denise_4-1536x1317.jpg 1536w, https:\/\/denise-frey.de\/wp-content\/uploads\/2025\/02\/Denise_4-2048x1755.jpg 2048w, https:\/\/denise-frey.de\/wp-content\/uploads\/2025\/02\/Denise_4-1800x1543.jpg 1800w\" sizes=\"auto, (max-width: 1024px) 100vw, 1024px\" \/><\/figure>\n\n\n\n<div style=\"height:35px\" aria-hidden=\"true\" class=\"wp-block-spacer\"><\/div>\n\n\n\n<div class=\"wp-block-columns is-layout-flex wp-container-core-columns-is-layout-9d6595d7 wp-block-columns-is-layout-flex\">\n<div class=\"wp-block-column is-layout-flow wp-block-column-is-layout-flow\">\n<figure class=\"wp-block-embed is-type-video is-provider-youtube wp-block-embed-youtube wp-embed-aspect-16-9 wp-has-aspect-ratio\"><div class=\"wp-block-embed__wrapper\">\n<div class=\"nv-iframe-embed\"><iframe loading=\"lazy\" title=\"Denise Frey - Funkwerke Vol. 21 - Electro-Acoustic Ambient #liveperformance #saxophone\" width=\"1200\" height=\"675\" src=\"https:\/\/www.youtube.com\/embed\/EYXS95l9N3I?feature=oembed\" frameborder=\"0\" allow=\"accelerometer; autoplay; clipboard-write; encrypted-media; gyroscope; picture-in-picture; web-share\" referrerpolicy=\"strict-origin-when-cross-origin\" allowfullscreen><\/iframe><\/div>\n<\/div><\/figure>\n\n\n\n<p class=\"has-text-align-left\"><\/p>\n\n\n\n<div style=\"height:65px\" aria-hidden=\"true\" class=\"wp-block-spacer\"><\/div>\n\n\n\n<h2 class=\"wp-block-heading has-text-align-center\"><strong>Denise Frey<\/strong><br><strong>Live-Elektroakustik zwischen Saxophon und Selbstbestimmung<\/strong><\/h2>\n\n\n\n<div class=\"wp-block-buttons is-layout-flex wp-block-buttons-is-layout-flex\"><\/div>\n\n\n\n<p>Denise Frey macht elektroakustische Ambient-Musik \u2013 ruhig, vielschichtig, atmosph\u00e4risch. Mit Saxophon, MPC, Effektger\u00e4ten und einem feinen Gesp\u00fcr f\u00fcr Klang formt sie in ihren Konzerten Klanglandschaften, die einladen zum Loslassen, Lauschen, Entspannen. Ihre Musik entsteht live \u2013 improvisiert, organisch, unmittelbar.<\/p>\n\n\n\n<p>Schon als Kind war Musik f\u00fcr sie ein innerer Antrieb. Mit sechs begann sie am Keyboard, mit 13 kam das Saxophon \u2013 nur, weil ein Junge, den sie mochte, es spielte und sie genau so cool sein wollte. Sie blieb dabei. Erst wollte sie Schauspielerin werden, doch ein k\u00f6rperliches Handicap hinderte sie am Schauspiel \u2013 also studierte sie klassisches Saxophon. Nach Jahrzehnten intensiver Musikerfahrung, fand sie einen Weg zur freien Improvisation, zur elektronischen Musik \u2013 und schlie\u00dflich zu sich selbst.<\/p>\n\n\n\n<p>\u201eIch habe nichts gefunden, was f\u00fcr mich mehr Sinn ergibt als Musik\u201c, sagt sie. Musik war nie Plan, sondern Notwendigkeit \u2013 ein Mittel zur Selbstheilung, zur Verbindung, zum Ausdruck. In der elektronischen Produktion fand sie nicht nur neue Kl\u00e4nge, sondern auch Freiheit: \u201eIch wollte nie abh\u00e4ngig sein. Schon mit 16 war mir klar: Ich will eine Band sein \u2013 alleine.\u201c<\/p>\n\n\n\n<p>Heute steht sie allein auf der B\u00fchne \u2013 und f\u00fcllt den Raum mit Tiefe. Ihre Sets sind verspielt, meditativ, manchmal technoid \u2013 immer offen f\u00fcr das Unerwartete. Was z\u00e4hlt, ist die Erfahrung f\u00fcr sie und f\u00fcr ihr Publikum. \u201eIch habe immer eine gute Zeit, wenn ich spiele. Und ich w\u00fcnsche mir, dass andere das auch haben \u2013 dass sie leichter rausgehen, als sie reingekommen sind.\u201c<\/p>\n\n\n\n<p>Denise Frey steht nicht da, um sich zu inszenieren. Ihre Haltung ist leise, aber klar. Es geht ihr um Echtheit. Um Ber\u00fchrung. Um einen Raum, in dem alles da sein darf. Wer ihre Konzerte besucht, erlebt Musik nicht als Performance, sondern als Einladung.<br>Neben ihren Solokonzerten spielt sie im ND Duo mit Nico Petry (Drums &amp; Elektronik) und unterrichtet Saxophon, Fl\u00f6te, Improvisation und Musikproduktion. Ihre Musik ist so vielf\u00e4ltig wie ihr Publikum \u2013 und ihr Anliegen immer dasselbe: Verbindung schaffen. Mit sich selbst. Und mit anderen.<\/p>\n<\/div>\n<\/div>\n\n\n\n<div style=\"height:50px\" aria-hidden=\"true\" class=\"wp-block-spacer\"><\/div>\n\n\n\n<figure class=\"wp-block-image size-large\"><img loading=\"lazy\" decoding=\"async\" width=\"1024\" height=\"194\" src=\"https:\/\/denise-frey.de\/wp-content\/uploads\/2025\/06\/250508_DeniseFrey_Logo_1-1024x194.png\" alt=\"\" class=\"wp-image-438\" srcset=\"https:\/\/denise-frey.de\/wp-content\/uploads\/2025\/06\/250508_DeniseFrey_Logo_1-1024x194.png 1024w, https:\/\/denise-frey.de\/wp-content\/uploads\/2025\/06\/250508_DeniseFrey_Logo_1-300x57.png 300w, https:\/\/denise-frey.de\/wp-content\/uploads\/2025\/06\/250508_DeniseFrey_Logo_1-768x145.png 768w, https:\/\/denise-frey.de\/wp-content\/uploads\/2025\/06\/250508_DeniseFrey_Logo_1-1536x290.png 1536w, https:\/\/denise-frey.de\/wp-content\/uploads\/2025\/06\/250508_DeniseFrey_Logo_1-2048x387.png 2048w, https:\/\/denise-frey.de\/wp-content\/uploads\/2025\/06\/250508_DeniseFrey_Logo_1-1800x340.png 1800w\" sizes=\"auto, (max-width: 1024px) 100vw, 1024px\" \/><\/figure>\n\n\n\n<div style=\"height:69px\" aria-hidden=\"true\" class=\"wp-block-spacer\"><\/div>\n\n\n\n<div class=\"wp-block-columns is-layout-flex wp-container-core-columns-is-layout-9d6595d7 wp-block-columns-is-layout-flex\">\n<div class=\"wp-block-column is-layout-flow wp-block-column-is-layout-flow\" style=\"flex-basis:100%\">\n<p><mark style=\"background-color:var(--nv-site-bg)\" class=\"has-inline-color has-nv-dark-bg-color\"><strong>23.04.26 <\/strong><\/mark><strong>20 Uhr <\/strong>Live Set TBA Gespr\u00e4chskonzert in Frankfurt am Main<br><mark style=\"background-color:var(--nv-site-bg)\" class=\"has-inline-color has-nv-dark-bg-color\"><strong>25.04.26 <\/strong><\/mark><strong>17 Uhr <\/strong>Live Set und Gespr\u00e4ch beim<a href=\"https:\/\/www.bouygerhl.com\/festival\" data-type=\"link\" data-id=\"https:\/\/www.bouygerhl.com\/festival\"> queer music Festival Leipzig<\/a><br><mark style=\"background-color:var(--nv-site-bg)\" class=\"has-inline-color has-nv-dark-bg-color\"><strong>14.05.26 <\/strong><\/mark><strong>20 Uhr <\/strong>magisch Tour 2026 Bremen Modernes <a href=\"https:\/\/www.eventim.de\/noapp\/event\/wilhelmine-magisch-tour-2026-modernes-20549825\/?affiliate=BUX&amp;utm_campaign=BTA&amp;utm_source=BUX&amp;utm_medium=dp\" data-type=\"link\" data-id=\"https:\/\/www.eventim.de\/noapp\/event\/wilhelmine-magisch-tour-2026-modernes-20549825\/?affiliate=BUX&amp;utm_campaign=BTA&amp;utm_source=BUX&amp;utm_medium=dp\">tickets<\/a><br><mark style=\"background-color:var(--nv-site-bg)\" class=\"has-inline-color has-nv-dark-bg-color\"><strong>15.05.26 <\/strong><\/mark><strong>20Uhr <\/strong>magisch Tour 2026 Hannover Pavillon tickets ausverkauft<br><mark style=\"background-color:var(--nv-site-bg)\" class=\"has-inline-color has-nv-dark-bg-color\"><strong>17.05.26 <\/strong><\/mark><strong>20 Uhr <\/strong>magisch Tour 2026 Rostock M.A.U. Clubtickets <a href=\"https:\/\/www.eventim.de\/noapp\/event\/wilhelmine-magisch-tour-2026-mau-club-20545829\/?affiliate=BUX&amp;utm_campaign=BTA&amp;utm_source=BUX&amp;utm_medium=dp\">tickets<\/a><br><mark style=\"background-color:var(--nv-site-bg)\" class=\"has-inline-color has-nv-dark-bg-color\"><strong>18.05.26 <\/strong><\/mark><strong>20 Uhr <\/strong>magisch Tour 2026 M\u00fcnster Skaters Palace <a href=\"https:\/\/www.eventim.de\/noapp\/event\/wilhelmine-magisch-tour-2026-skaters-palace-20618875\/?affiliate=BUX&amp;utm_campaign=BTA&amp;utm_source=BUX&amp;utm_medium=dp\">tickets<\/a><br><mark style=\"background-color:var(--nv-site-bg)\" class=\"has-inline-color has-nv-dark-bg-color\"><strong>19.05.26 <\/strong><\/mark><strong>20 Uhr <\/strong>magisch Tour 2026 Hamburg Grosse Freiheit 36 <a href=\"https:\/\/www.eventim.de\/noapp\/event\/wilhelmine-magisch-tour-2026-grosse-freiheit-36-20585001\/?affiliate=BUX&amp;utm_campaign=BTA&amp;utm_source=BUX&amp;utm_medium=dp\">tickets<\/a><br><mark style=\"background-color:var(--nv-site-bg)\" class=\"has-inline-color has-nv-dark-bg-color\"><strong>22.05.26 <\/strong><\/mark><strong>20 Uhr <\/strong>magisch Tour 2026 K\u00f6ln Carlswerk Victoria <a href=\"https:\/\/www.eventim.de\/noapp\/event\/wilhelmine-magisch-tour-2026-carlswerk-victoria-20545621\/?affiliate=BUX&amp;utm_campaign=BTA&amp;utm_source=BUX&amp;utm_medium=dp\">tickets<\/a><br><mark style=\"background-color:var(--nv-site-bg)\" class=\"has-inline-color has-nv-dark-bg-color\"><strong>23.05.26 <\/strong><\/mark><strong>20 Uhr <\/strong>magisch Tour 2026 Stuttgart Im Wizemann <a href=\"https:\/\/www.eventim.de\/noapp\/event\/wilhelmine-magisch-tour-2026-im-wizemann-stuttgart-20572924\/?affiliate=BUX&amp;utm_campaign=BTA&amp;utm_source=BUX&amp;utm_medium=dp\">tickets<\/a><br><mark style=\"background-color:var(--nv-site-bg)\" class=\"has-inline-color has-nv-dark-bg-color\"><strong>25.05.26 <\/strong><\/mark><strong>20 Uhr <\/strong>magisch Tour 2026 Frankfurt Batschkapp <a href=\"https:\/\/www.eventim.de\/noapp\/event\/wilhelmine-magisch-tour-2026-batschkapp-20554795\/?affiliate=BUX&amp;utm_campaign=BTA&amp;utm_source=BUX&amp;utm_medium=dp\">tickets<\/a><br><mark style=\"background-color:var(--nv-site-bg)\" class=\"has-inline-color has-nv-dark-bg-color\"><strong>26.05.26 <\/strong><\/mark><strong>20 Uhr <\/strong>magisch Tour 2026 M\u00fcnchen Muffatwerk <a href=\"https:\/\/www.eventim.de\/noapp\/event\/wilhelmine-magisch-tour-2026-muffatwerk-20618921\/?affiliate=BUX&amp;utm_campaign=BTA&amp;utm_source=BUX&amp;utm_medium=dp\">tickets<\/a><br><mark style=\"background-color:var(--nv-site-bg)\" class=\"has-inline-color has-nv-dark-bg-color\"><strong>27.05.26 <\/strong><\/mark><strong>20 Uhr <\/strong>magisch Tour 2026 Z\u00fcrich Plaza <a href=\"https:\/\/www.ticketcorner.ch\/artist\/wilhelmine\/?affiliate=XGA\">tickets<\/a><br><mark style=\"background-color:var(--nv-site-bg)\" class=\"has-inline-color has-nv-dark-bg-color\"><strong>28.05.26 <\/strong><\/mark><strong>20 Uhr <\/strong>magisch Tour 2026 Wien SiMM City <a href=\"https:\/\/www.eventim.de\/noapp\/event\/wilhelmine-magisch-tour-2026-simm-city-festsaal-zentrum-simmering-20596199\/?affiliate=BUX&amp;utm_campaign=BTA&amp;utm_source=BUX&amp;utm_medium=dp\">tickets<\/a><br><mark style=\"background-color:var(--nv-site-bg)\" class=\"has-inline-color has-nv-dark-bg-color\"><strong>30.05.26 <\/strong><\/mark><strong>20 Uhr <\/strong>magisch Tour 2026 Dresden Stromwerk <a href=\"https:\/\/www.eventim.de\/noapp\/event\/wilhelmine-magisch-tour-2026-stromwerk-kulturarena-kraftwerk-mitte-20545919\/?affiliate=BUX&amp;utm_campaign=BTA&amp;utm_source=BUX&amp;utm_medium=dp\">tickets<\/a><br><mark style=\"background-color:var(--nv-site-bg)\" class=\"has-inline-color has-nv-dark-bg-color\"><strong>31.05.26 <\/strong><\/mark><strong>20 Uhr <\/strong>magisch Tour 2026 Berlin Huxleys Neue Welt <a href=\"https:\/\/www.eventim.de\/noapp\/event\/wilhelmine-magisch-tour-2026-huxleys-neue-welt-20549500\/?affiliate=BUX&amp;utm_campaign=BTA&amp;utm_source=BUX&amp;utm_medium=dp#\">tickets<\/a><br><mark style=\"background-color:var(--nv-site-bg)\" class=\"has-inline-color has-nv-dark-bg-color\"><strong>04.07.26 <\/strong><\/mark><strong>15 Uhr <\/strong>Live Set Er\u00f6ffnung des <a href=\"https:\/\/schutzwaldrave.org\/\">Schutzwald-Rave <\/a><br><\/p>\n\n\n\n<div style=\"height:100px\" aria-hidden=\"true\" class=\"wp-block-spacer\"><\/div>\n\n\n\n<div class=\"wp-block-buttons is-content-justification-center is-layout-flex wp-container-core-buttons-is-layout-16018d1d wp-block-buttons-is-layout-flex\">\n<div class=\"wp-block-button has-custom-width wp-block-button__width-75\"><a class=\"wp-block-button__link has-background wp-element-button\" href=\"mailto:info@denise-frey.de\" style=\"border-radius:100px;background:linear-gradient(96deg,rgb(230,55,30) 3%,rgb(0,142,133) 24%,rgb(52,112,183) 45%,rgb(238,44,130) 67%,rgb(251,105,98) 84%,rgb(198,102,22) 100%)\" target=\"_blank\" rel=\"noreferrer noopener\">Schreib mir eine E-Mail<\/a><\/div>\n<\/div>\n\n\n\n<p><\/p>\n\n\n\n<p><\/p>\n\n\n\n<p><\/p>\n\n\n\n<p id=\"block-559dda6d-f689-4f49-8c50-d136a34e0a29\"><\/p>\n<\/div>\n<\/div>\n\n\n\n<p><\/p>\n","protected":false},"excerpt":{"rendered":"<p>Denise FreyLive-Elektroakustik zwischen Saxophon und Selbstbestimmung Denise Frey macht elektroakustische Ambient-Musik \u2013 ruhig, vielschichtig, atmosph\u00e4risch. Mit Saxophon, MPC, Effektger\u00e4ten und einem feinen Gesp\u00fcr f\u00fcr Klang formt sie in ihren Konzerten Klanglandschaften, die einladen zum Loslassen, Lauschen, Entspannen. Ihre Musik entsteht live \u2013 improvisiert, organisch, unmittelbar. Schon als Kind war Musik f\u00fcr sie ein innerer Antrieb.&hellip;&nbsp;<a href=\"https:\/\/denise-frey.de\/\" rel=\"bookmark\"><span class=\"screen-reader-text\">Electro-Acoustic Ambient Music<\/span><\/a><\/p>\n","protected":false},"author":1,"featured_media":0,"parent":0,"menu_order":0,"comment_status":"closed","ping_status":"closed","template":"","meta":{"inline_featured_image":false,"neve_meta_sidebar":"","neve_meta_container":"","neve_meta_enable_content_width":"","neve_meta_content_width":0,"neve_meta_title_alignment":"","neve_meta_author_avatar":"","neve_post_elements_order":"","neve_meta_disable_header":"","neve_meta_disable_footer":"","neve_meta_disable_title":"","footnotes":""},"class_list":["post-2","page","type-page","status-publish","hentry"],"_links":{"self":[{"href":"https:\/\/denise-frey.de\/index.php?rest_route=\/wp\/v2\/pages\/2","targetHints":{"allow":["GET"]}}],"collection":[{"href":"https:\/\/denise-frey.de\/index.php?rest_route=\/wp\/v2\/pages"}],"about":[{"href":"https:\/\/denise-frey.de\/index.php?rest_route=\/wp\/v2\/types\/page"}],"author":[{"embeddable":true,"href":"https:\/\/denise-frey.de\/index.php?rest_route=\/wp\/v2\/users\/1"}],"replies":[{"embeddable":true,"href":"https:\/\/denise-frey.de\/index.php?rest_route=%2Fwp%2Fv2%2Fcomments&post=2"}],"version-history":[{"count":219,"href":"https:\/\/denise-frey.de\/index.php?rest_route=\/wp\/v2\/pages\/2\/revisions"}],"predecessor-version":[{"id":660,"href":"https:\/\/denise-frey.de\/index.php?rest_route=\/wp\/v2\/pages\/2\/revisions\/660"}],"wp:attachment":[{"href":"https:\/\/denise-frey.de\/index.php?rest_route=%2Fwp%2Fv2%2Fmedia&parent=2"}],"curies":[{"name":"wp","href":"https:\/\/api.w.org\/{rel}","templated":true}]}}